{"id":291,"date":"2022-03-25T17:38:01","date_gmt":"2022-03-25T17:38:01","guid":{"rendered":"https:\/\/dev-website-lachatlondon.spdns.org\/?page_id=291"},"modified":"2022-03-25T17:43:51","modified_gmt":"2022-03-25T17:43:51","slug":"mentions-legales","status":"publish","type":"page","link":"https:\/\/piedsdespistesorcieres.fr\/en\/mentions-legales\/","title":{"rendered":"Mentions L\u00e9gales"},"content":{"rendered":"<div data-elementor-type=\"wp-page\" data-elementor-id=\"291\" class=\"elementor elementor-291\">\n\t\t\t\t\t\t<section class=\"elementor-section elementor-top-section elementor-element elementor-element-f655aeb elementor-section-boxed elementor-section-height-default elementor-section-height-default\" data-id=\"f655aeb\" data-element_type=\"section\">\n\t\t\t\t\t\t<div class=\"elementor-container elementor-column-gap-default\">\n\t\t\t\t\t<div class=\"elementor-column elementor-col-100 elementor-top-column elementor-element elementor-element-9841a11\" data-id=\"9841a11\" data-element_type=\"column\">\n\t\t\t<div class=\"elementor-widget-wrap elementor-element-populated\">\n\t\t\t\t\t\t<div class=\"elementor-element elementor-element-de3cf56 elementor-widget elementor-widget-text-editor\" data-id=\"de3cf56\" data-element_type=\"widget\" data-widget_type=\"text-editor.default\">\n\t\t\t\t<div class=\"elementor-widget-container\">\n\t\t\t<style>\/*! elementor - v3.20.0 - 10-04-2024 *\/\n.elementor-widget-text-editor.elementor-drop-cap-view-stacked .elementor-drop-cap{background-color:#69727d;color:#fff}.elementor-widget-text-editor.elementor-drop-cap-view-framed .elementor-drop-cap{color:#69727d;border:3px solid;background-color:transparent}.elementor-widget-text-editor:not(.elementor-drop-cap-view-default) .elementor-drop-cap{margin-top:8px}.elementor-widget-text-editor:not(.elementor-drop-cap-view-default) .elementor-drop-cap-letter{width:1em;height:1em}.elementor-widget-text-editor .elementor-drop-cap{float:left;text-align:center;line-height:1;font-size:50px}.elementor-widget-text-editor .elementor-drop-cap-letter{display:inline-block}<\/style>\t\t\t\t<div>\n<header>\n<h2>ARTICLE 1. IDENTIFICATION<\/h2>\n<\/header>\n<p><span><strong>Editeur :<\/strong><\/span> Pieds des Pistes Orci\u00e8res &#8211; Les Terrasses de la Bergerie \u2013 Merlette \u2013 05170 Orci\u00e8res \u2013 France<\/p>\n<p><span><strong>Directeur de la publication et responsable des traitements :<\/strong><\/span><span>&nbsp;<\/span>Mr Simvar LACH<\/p>\n<p><span><strong>H\u00e9bergeur et graphisme :<\/strong><\/span><span>&nbsp;<\/span>Pieds des Pistes Orci\u00e8res &#8211;&nbsp;&nbsp;Les Terrasses de la Bergerie \u2013 Merlette \u2013 05170 Orci\u00e8res \u2013 France<\/p>\n<\/div>\n<div>\n<header>\n<h2>ARTICLE 2. DONN\u00c9ES PERSONNELLES<\/h2>\n<\/header>\n<p>Soucieux du respect de votre vie priv\u00e9e, piedsdespistesorcieres.fr&nbsp;s\u2019engage \u00e0 ce que la collecte et le traitement de ces informations soient effectu\u00e9s conform\u00e9ment \u00e0 la loi n\u00b0 78-17 du 6 janvier 1978 relative \u00e0 l\u2019informatique, aux fichiers et aux libert\u00e9s, telle que modifi\u00e9e.<\/p>\n<p><strong>Protection des donn\u00e9es personnelles :<\/strong><\/p>\n<p>Les bases de donn\u00e9es constitu\u00e9es \u00e0 partir du pr\u00e9sent site sont administr\u00e9es par l&#8217;administrateur du site web piedsdespistesorcieres.fr qui, en tant qu&#8217;\u00e9diteur, reste le seul propri\u00e9taire des donn\u00e9es recueillies. Elles ne sauraient en aucun cas faire l&#8217;objet d&#8217;une vente ou d&#8217;une cession \u00e0 un organisme tiers. La finalit\u00e9 du traitement des donn\u00e9es personnelles recueillies peut \u00eatre : le renseignement du client ou l&#8217;envoi de documentation sur sa demande, l&#8217;envoi de lettre(s) d&#8217;information si express\u00e9ment choisi lors de la saisie du formulaire ou aupr\u00e8s de du site piedsdespistesorcieres.fr, ainsi que la participation \u00e0 des jeux-concours limit\u00e9s dans le temps. Les donn\u00e9es personnelles recueillies seront supprim\u00e9es en l&#8217;absence de r\u00e9ponse ou d&#8217;activit\u00e9 au del\u00e0 de 36 mois.<\/p>\n<p>Vous pouvez exercer votre droit d&#8217;acc\u00e8s aux donn\u00e9es vous concernant et les faire rectifier ou supprimer en contactant l&#8217;administrateur du site piedsdespistesorcieres.fr&nbsp;par email via la page de contact.<\/p>\n<p><strong>Statistiques d&#8217;acc\u00e8s :<\/strong><\/p>\n<p>Ce site utilise un service d\u2019analyse de site internet fourni par WPStatistics qui ne collecte pas de donn\u00e9es personnelles ou ne stocke de cookies.&nbsp;<\/p>\n<\/div>\n<div>\n<header>\n<h2>ARTICLE 3. COOKIES<\/h2>\n<\/header>\n<p>Afin de r\u00e9pondre au mieux \u00e0 vos besoins, le site web piedsdespistesorcieres.fr&nbsp;est susceptible d\u2019avoir recours \u00e0 la technologie des \u00ab cookies \u00bb.<\/p>\n<p>Le cookie est un petit fichier informatique envoy\u00e9 par l\u2019\u00e9diteur d\u2019un site \u00e0 son internaute, qui contient diverses informations relatives au passage de l\u2019internaute sur le site (pages consult\u00e9es, date et heure de la consultation). Il ne peut pas endommager les donn\u00e9es pr\u00e9sentes sur l&#8217;appareil de l\u2019internaute. Vous pouvez configurer votre navigateur pour emp\u00eacher l\u2019enregistrement de ces cookies sur votre ordinateur, en d\u00e9sactivant cette fonction dans votre logiciel de navigation.<\/p>\n<\/div>\n<div>\n<header>\n<h2>ARTICLE 4. PROPRI\u00c9T\u00c9 INTELLECTUELLE<\/h2>\n<\/header>\n<p>L\u2019ensemble des contenus diffus\u00e9s sur ce site (image, vid\u00e9o, son, texte\u2026) sont prot\u00e9g\u00e9s par la l\u00e9gislation en vigueur en France en mati\u00e8re de propri\u00e9t\u00e9 intellectuelle et notamment, le droit d\u2019auteur, les droits voisins, le droit des marques.<\/p>\n<p><strong><span>Tous les droits de reproduction sont r\u00e9serv\u00e9s<\/span><\/strong>, y compris pour les documents t\u00e9l\u00e9chargeables et les repr\u00e9sentations iconographiques et photographiques.<\/p>\n<p>A d\u00e9faut d\u2019autorisation expresse de l&#8217;administrateur du site web piedsdespistesorcieres.fr<span style=\"font-size: inherit;\">, il est strictement interdit d\u2019exploiter ces contenus et notamment de les reproduire, repr\u00e9senter, modifier ou adapter en tout ou partie.<\/span><\/p>\n<\/div>\n<div>\n<header>\n<h2>ARTICLE 5. CR\u00c9DITS<\/h2>\n<\/header>\n<p><span><strong>Textes \/ Photos \/ Ic\u00f4nes :&nbsp;<\/strong><\/span>l&#8217;administrateur du site web piedsdespistesorcieres.fr<\/p>\n<\/div>\n<div>\n<header>\n<h2>ARTICLE 6. DIVERS<\/h2>\n<\/header>\n<p>L&#8217;administrateur du site web piedsdespistesorcieres.fr<span style=\"font-size: inherit;\">&nbsp;reste \u00e0 votre disposition pour vous communiquer toute information compl\u00e9mentaire que vous pourriez souhaiter concernant notre politique en mati\u00e8re de protection des donn\u00e9es personnelles.<\/span><\/p>\n<p>Il vous suffit de nous envoyer un e-mail via la page de contact du site.<br>Nous nous efforcerons de vous r\u00e9pondre dans les meilleurs d\u00e9lais.<\/p>\n<\/div>\t\t\t\t\t\t<\/div>\n\t\t\t\t<\/div>\n\t\t\t\t\t<\/div>\n\t\t<\/div>\n\t\t\t\t\t<\/div>\n\t\t<\/section>\n\t\t\t\t<\/div>","protected":false},"excerpt":{"rendered":"<p>ARTICLE 1. IDENTIFICATION Editeur : Pieds des Pistes Orci\u00e8res &#8211; Les Terrasses de la Bergerie \u2013 Merlette \u2013 05170 Orci\u00e8res \u2013 France Directeur de la publication et responsable des traitements :&nbsp;Mr Simvar LACH H\u00e9bergeur et graphisme :&nbsp;Pieds des Pistes Orci\u00e8res &#8211;&nbsp;&nbsp;Les Terrasses de la Bergerie \u2013 Merlette \u2013 05170 Orci\u00e8res [&hellip;]<\/p>","protected":false},"author":1,"featured_media":0,"parent":0,"menu_order":0,"comment_status":"closed","ping_status":"closed","template":"page-templates\/template-pagebuilder-full-width.php","meta":{"footnotes":""},"class_list":["post-291","page","type-page","status-publish","hentry"],"_links":{"self":[{"href":"https:\/\/piedsdespistesorcieres.fr\/en\/wp-json\/wp\/v2\/pages\/291","targetHints":{"allow":["GET"]}}],"collection":[{"href":"https:\/\/piedsdespistesorcieres.fr\/en\/wp-json\/wp\/v2\/pages"}],"about":[{"href":"https:\/\/piedsdespistesorcieres.fr\/en\/wp-json\/wp\/v2\/types\/page"}],"author":[{"embeddable":true,"href":"https:\/\/piedsdespistesorcieres.fr\/en\/wp-json\/wp\/v2\/users\/1"}],"replies":[{"embeddable":true,"href":"https:\/\/piedsdespistesorcieres.fr\/en\/wp-json\/wp\/v2\/comments?post=291"}],"version-history":[{"count":4,"href":"https:\/\/piedsdespistesorcieres.fr\/en\/wp-json\/wp\/v2\/pages\/291\/revisions"}],"predecessor-version":[{"id":295,"href":"https:\/\/piedsdespistesorcieres.fr\/en\/wp-json\/wp\/v2\/pages\/291\/revisions\/295"}],"wp:attachment":[{"href":"https:\/\/piedsdespistesorcieres.fr\/en\/wp-json\/wp\/v2\/media?parent=291"}],"curies":[{"name":"wp","href":"https:\/\/api.w.org\/{rel}","templated":true}]}}